{"id":19150,"date":"2023-11-09T05:13:17","date_gmt":"2023-11-09T10:13:17","guid":{"rendered":"https:\/\/www.lescanardises.com\/produit\/coffret-cadeau-corporatif-foie-gras\/"},"modified":"2025-11-08T12:43:35","modified_gmt":"2025-11-08T17:43:35","slug":"coffret-cadeau-corporatif-foie-gras","status":"publish","type":"product","link":"https:\/\/www.lescanardises.com\/en\/produit\/coffret-cadeau-corporatif-foie-gras\/","title":{"rendered":"Caisse de 12 &#8211; Cr\u00e8me\/Mousse de Foie Gras de canard &#8211; (12 x140g)"},"content":{"rendered":"<p><img decoding=\"async\" class=\"alignnone wp-image-2121 size-full ls-is-cached lazyloaded\" src=\"https:\/\/www.lescanardises.com\/wp-content\/uploads\/2020\/10\/Icones-Produits-100px.png\" sizes=\"(max-width: 559px) 100vw, 559px\" srcset=\"https:\/\/www.lescanardises.com\/wp-content\/uploads\/2020\/10\/Icones-Produits-100px.png 559w, https:\/\/www.lescanardises.com\/wp-content\/uploads\/2020\/10\/Icones-Produits-100px-300x54.png 300w\" alt=\"\" width=\"559\" height=\"100\" data-srcset=\"https:\/\/www.lescanardises.com\/wp-content\/uploads\/2020\/10\/Icones-Produits-100px.png 559w, https:\/\/www.lescanardises.com\/wp-content\/uploads\/2020\/10\/Icones-Produits-100px-300x54.png 300w\" data-src=\"https:\/\/www.lescanardises.com\/wp-content\/uploads\/2020\/10\/Icones-Produits-100px.png\" data-sizes=\"(max-width: 559px) 100vw, 559px\" \/><\/p>\n<p><strong>Une CAISSE de 12 Mousse de Foie Gras de canard au format 140g.<\/strong><\/p>\n<blockquote class=\"wp-embedded-content\" data-secret=\"KbUcopuKT6\"><p><a href=\"https:\/\/www.lescanardises.com\/en\/produit\/mousse-foie-gras-duck-120\/\">MOUSSE de Foie Gras de canard (140g)<\/a><\/p><\/blockquote>\n<p><iframe class=\"wp-embedded-content\" sandbox=\"allow-scripts\" security=\"restricted\" style=\"position: absolute; visibility: hidden;\" title=\"&#8220;MOUSSE de Foie Gras de canard (140g)&#8221; &#8212; Les Canardises\" src=\"https:\/\/www.lescanardises.com\/en\/produit\/mousse-foie-gras-duck-120\/embed\/#?secret=lpbnF0pHXX#?secret=KbUcopuKT6\" data-secret=\"KbUcopuKT6\" width=\"600\" height=\"338\" frameborder=\"0\" marginwidth=\"0\" marginheight=\"0\" scrolling=\"no\"><\/iframe><\/p>\n<p>&nbsp;<\/p>\n<p>Notre mousse exclusivement compos\u00e9e de canard est cuisin\u00e9e avec\u00a0<strong>60% de foie gras<\/strong>\u00a0nature, ce qui permet de pr\u00e9server un go\u00fbt authentique, en plus de lui donner une texture l\u00e9g\u00e8re? et onctueuse. Sa grande polyvalence ravira tous les palais!<\/p>\n<p><strong>Mode d\u2019emploi<\/strong>\u00a0<strong>et conservation\u00a0:<\/strong>\u00a0R\u00e9frig\u00e9rer trois heures avant de d\u00e9guster. Temp\u00e9rer 15-20 minutes avant l\u2019ouverture de la conserve pour faciliter le d\u00e9moulage. Ouvrir les deux couvercles et pousser d\u00e9licatement vers la partie la plus large. Le produit se conserve 3-6 jours au r\u00e9frig\u00e9rateur apr\u00e8s ouverture.<\/p>\n<p><strong>Accompagnements recommand\u00e9s\u00a0:\u00a0<\/strong>Notre mousse de foie gras de canard est parfaite pour la confection de vos hors-d\u2019\u0153uvre. \u00c0 tartiner sur des craquelins aux pistaches ou aux figues, elle peut \u00eatre \u00e9galement utilis\u00e9e pour confectionner de petits choux ap\u00e9ritifs farcis au foie gras. On peut l\u2019accompagner d\u2019un confit d\u2019oignon, d\u2019une gel\u00e9e ou confiture de fruits, de figues fra\u00eeches et de poires.<\/p>\n<p><strong>Vins et alcools<\/strong>\u00a0: Vin rouge sec, grands vins blancs de Bourgogne, Pacherenc du Vic-Bilh, Juran\u00e7on\u2026.<\/p>\n<p><strong>Ingr\u00e9dients\u00a0<\/strong>: Foie gras de canard \u00e9lev\u00e9 en plein air, lait, graisse fine de canard, foie de canard, \u0153ufs, sel et poivre, \u00e9pices.<\/p>\n","protected":false},"excerpt":{"rendered":"<p>Une CAISSE de 12 Mousse de Foie Gras de canard au format 140g. MOUSSE de Foie Gras de canard (140g) &nbsp; Notre mousse exclusivement compos\u00e9e de canard est cuisin\u00e9e avec\u00a060% de foie gras\u00a0nature, ce qui permet de pr\u00e9server un go\u00fbt authentique, en plus de lui donner une texture l\u00e9g\u00e8re? et onctueuse. Sa grande polyvalence ravira&hellip;<\/p>\n","protected":false},"featured_media":12991,"template":"","meta":{"inline_featured_image":false},"product_brand":[],"product_cat":[88,146],"product_tag":[],"class_list":{"0":"post-19150","1":"product","2":"type-product","3":"status-publish","4":"has-post-thumbnail","6":"product_cat-gift-boxes","7":"product_cat-offres-corporatif-en","8":"description-off","10":"first","11":"instock","12":"sale","13":"shipping-taxable","14":"purchasable","15":"product-type-simple"},"yoast_head":"<!-- This site is optimized with the Yoast SEO plugin v27.4 - https:\/\/yoast.com\/product\/yoast-seo-wordpress\/ -->\n<title>Caisse de 12 - Cr\u00e8me\/Mousse de Foie Gras de canard - (12 x140g) - Les Canardises<\/title>\n<meta name=\"description\" content=\"Promotion sp\u00e9ciale - D\u00e9couvrez notre coffret corporatif de 12 Mousse\/Cr\u00e8me de foie gras de canard (140g). \u00c9lev\u00e9 et cuisin\u00e9 artisanalement au Qu\u00e9bec.\" \/>\n<meta name=\"robots\" content=\"index, follow, max-snippet:-1, max-image-preview:large, max-video-preview:-1\" \/>\n<link rel=\"canonical\" href=\"https:\/\/www.lescanardises.com\/en\/produit\/coffret-cadeau-corporatif-foie-gras\/\" \/>\n<meta property=\"og:locale\" content=\"en_US\" \/>\n<meta property=\"og:type\" content=\"article\" \/>\n<meta property=\"og:title\" content=\"Caisse de 12 - Cr\u00e8me\/Mousse de Foie Gras de canard - (12 x140g) - Les Canardises\" \/>\n<meta property=\"og:description\" content=\"Promotion sp\u00e9ciale - D\u00e9couvrez notre coffret corporatif de 12 Mousse\/Cr\u00e8me de foie gras de canard (140g). \u00c9lev\u00e9 et cuisin\u00e9 artisanalement au Qu\u00e9bec.\" \/>\n<meta property=\"og:url\" content=\"https:\/\/www.lescanardises.com\/en\/produit\/coffret-cadeau-corporatif-foie-gras\/\" \/>\n<meta property=\"og:site_name\" content=\"Les Canardises\" \/>\n<meta property=\"article:publisher\" content=\"https:\/\/fr-ca.facebook.com\/lescanardises\/\" \/>\n<meta property=\"article:modified_time\" content=\"2025-11-08T17:43:35+00:00\" \/>\n<meta property=\"og:image\" content=\"https:\/\/www.lescanardises.com\/wp-content\/uploads\/2023\/11\/Today-will-be-a-good-day-1.png\" \/>\n\t<meta property=\"og:image:width\" content=\"500\" \/>\n\t<meta property=\"og:image:height\" content=\"500\" \/>\n\t<meta property=\"og:image:type\" content=\"image\/png\" \/>\n<meta name=\"twitter:card\" content=\"summary_large_image\" \/>\n<meta name=\"twitter:label1\" content=\"Est. reading time\" \/>\n\t<meta name=\"twitter:data1\" content=\"2 minutes\" \/>\n<script type=\"application\/ld+json\" class=\"yoast-schema-graph\">{\"@context\":\"https:\\\/\\\/schema.org\",\"@graph\":[{\"@type\":\"WebPage\",\"@id\":\"https:\\\/\\\/www.lescanardises.com\\\/en\\\/produit\\\/coffret-cadeau-corporatif-foie-gras\\\/\",\"url\":\"https:\\\/\\\/www.lescanardises.com\\\/en\\\/produit\\\/coffret-cadeau-corporatif-foie-gras\\\/\",\"name\":\"Caisse de 12 - Cr\u00e8me\\\/Mousse de Foie Gras de canard - (12 x140g) - Les Canardises\",\"isPartOf\":{\"@id\":\"https:\\\/\\\/www.lescanardises.com\\\/en\\\/#website\"},\"primaryImageOfPage\":{\"@id\":\"https:\\\/\\\/www.lescanardises.com\\\/en\\\/produit\\\/coffret-cadeau-corporatif-foie-gras\\\/#primaryimage\"},\"image\":{\"@id\":\"https:\\\/\\\/www.lescanardises.com\\\/en\\\/produit\\\/coffret-cadeau-corporatif-foie-gras\\\/#primaryimage\"},\"thumbnailUrl\":\"https:\\\/\\\/www.lescanardises.com\\\/wp-content\\\/uploads\\\/2023\\\/11\\\/Today-will-be-a-good-day-1.png\",\"datePublished\":\"2023-11-09T10:13:17+00:00\",\"dateModified\":\"2025-11-08T17:43:35+00:00\",\"description\":\"Promotion sp\u00e9ciale - D\u00e9couvrez notre coffret corporatif de 12 Mousse\\\/Cr\u00e8me de foie gras de canard (140g). \u00c9lev\u00e9 et cuisin\u00e9 artisanalement au Qu\u00e9bec.\",\"breadcrumb\":{\"@id\":\"https:\\\/\\\/www.lescanardises.com\\\/en\\\/produit\\\/coffret-cadeau-corporatif-foie-gras\\\/#breadcrumb\"},\"inLanguage\":\"en-US\",\"potentialAction\":[{\"@type\":\"ReadAction\",\"target\":[\"https:\\\/\\\/www.lescanardises.com\\\/en\\\/produit\\\/coffret-cadeau-corporatif-foie-gras\\\/\"]}]},{\"@type\":\"ImageObject\",\"inLanguage\":\"en-US\",\"@id\":\"https:\\\/\\\/www.lescanardises.com\\\/en\\\/produit\\\/coffret-cadeau-corporatif-foie-gras\\\/#primaryimage\",\"url\":\"https:\\\/\\\/www.lescanardises.com\\\/wp-content\\\/uploads\\\/2023\\\/11\\\/Today-will-be-a-good-day-1.png\",\"contentUrl\":\"https:\\\/\\\/www.lescanardises.com\\\/wp-content\\\/uploads\\\/2023\\\/11\\\/Today-will-be-a-good-day-1.png\",\"width\":500,\"height\":500,\"caption\":\"Les canardises - Caisse de 12 - Rillettes de canard Classiques - (12x150g)\"},{\"@type\":\"BreadcrumbList\",\"@id\":\"https:\\\/\\\/www.lescanardises.com\\\/en\\\/produit\\\/coffret-cadeau-corporatif-foie-gras\\\/#breadcrumb\",\"itemListElement\":[{\"@type\":\"ListItem\",\"position\":1,\"name\":\"Accueil\",\"item\":\"https:\\\/\\\/www.lescanardises.com\\\/en\\\/\"},{\"@type\":\"ListItem\",\"position\":2,\"name\":\"Online &#8211; Boutique\",\"item\":\"https:\\\/\\\/www.lescanardises.com\\\/en\\\/online-boutique\\\/\"},{\"@type\":\"ListItem\",\"position\":3,\"name\":\"Caisse de 12 &#8211; Cr\u00e8me\\\/Mousse de Foie Gras de canard &#8211; (12 x140g)\"}]},{\"@type\":\"WebSite\",\"@id\":\"https:\\\/\\\/www.lescanardises.com\\\/en\\\/#website\",\"url\":\"https:\\\/\\\/www.lescanardises.com\\\/en\\\/\",\"name\":\"Les Canardises\",\"description\":\"\u00c9levage en plein air et conserverie artisanale\",\"publisher\":{\"@id\":\"https:\\\/\\\/www.lescanardises.com\\\/en\\\/#organization\"},\"potentialAction\":[{\"@type\":\"SearchAction\",\"target\":{\"@type\":\"EntryPoint\",\"urlTemplate\":\"https:\\\/\\\/www.lescanardises.com\\\/en\\\/?s={search_term_string}\"},\"query-input\":{\"@type\":\"PropertyValueSpecification\",\"valueRequired\":true,\"valueName\":\"search_term_string\"}}],\"inLanguage\":\"en-US\"},{\"@type\":\"Organization\",\"@id\":\"https:\\\/\\\/www.lescanardises.com\\\/en\\\/#organization\",\"name\":\"Ferme Les Canardises\",\"url\":\"https:\\\/\\\/www.lescanardises.com\\\/en\\\/\",\"logo\":{\"@type\":\"ImageObject\",\"inLanguage\":\"en-US\",\"@id\":\"https:\\\/\\\/www.lescanardises.com\\\/en\\\/#\\\/schema\\\/logo\\\/image\\\/\",\"url\":\"https:\\\/\\\/www.lescanardises.com\\\/wp-content\\\/uploads\\\/2021\\\/09\\\/LOGO-LES-CANARDISES.png\",\"contentUrl\":\"https:\\\/\\\/www.lescanardises.com\\\/wp-content\\\/uploads\\\/2021\\\/09\\\/LOGO-LES-CANARDISES.png\",\"width\":500,\"height\":500,\"caption\":\"Ferme Les Canardises\"},\"image\":{\"@id\":\"https:\\\/\\\/www.lescanardises.com\\\/en\\\/#\\\/schema\\\/logo\\\/image\\\/\"},\"sameAs\":[\"https:\\\/\\\/fr-ca.facebook.com\\\/lescanardises\\\/\",\"https:\\\/\\\/www.instagram.com\\\/lescanardises\\\/?hl=fr-ca\"]}]}<\/script>\n<!-- \/ Yoast SEO plugin. -->","yoast_head_json":{"title":"Caisse de 12 - Cr\u00e8me\/Mousse de Foie Gras de canard - (12 x140g) - Les Canardises","description":"Promotion sp\u00e9ciale - D\u00e9couvrez notre coffret corporatif de 12 Mousse\/Cr\u00e8me de foie gras de canard (140g). \u00c9lev\u00e9 et cuisin\u00e9 artisanalement au Qu\u00e9bec.","robots":{"index":"index","follow":"follow","max-snippet":"max-snippet:-1","max-image-preview":"max-image-preview:large","max-video-preview":"max-video-preview:-1"},"canonical":"https:\/\/www.lescanardises.com\/en\/produit\/coffret-cadeau-corporatif-foie-gras\/","og_locale":"en_US","og_type":"article","og_title":"Caisse de 12 - Cr\u00e8me\/Mousse de Foie Gras de canard - (12 x140g) - Les Canardises","og_description":"Promotion sp\u00e9ciale - D\u00e9couvrez notre coffret corporatif de 12 Mousse\/Cr\u00e8me de foie gras de canard (140g). \u00c9lev\u00e9 et cuisin\u00e9 artisanalement au Qu\u00e9bec.","og_url":"https:\/\/www.lescanardises.com\/en\/produit\/coffret-cadeau-corporatif-foie-gras\/","og_site_name":"Les Canardises","article_publisher":"https:\/\/fr-ca.facebook.com\/lescanardises\/","article_modified_time":"2025-11-08T17:43:35+00:00","og_image":[{"width":500,"height":500,"url":"https:\/\/www.lescanardises.com\/wp-content\/uploads\/2023\/11\/Today-will-be-a-good-day-1.png","type":"image\/png"}],"twitter_card":"summary_large_image","twitter_misc":{"Est. reading time":"2 minutes"},"schema":{"@context":"https:\/\/schema.org","@graph":[{"@type":"WebPage","@id":"https:\/\/www.lescanardises.com\/en\/produit\/coffret-cadeau-corporatif-foie-gras\/","url":"https:\/\/www.lescanardises.com\/en\/produit\/coffret-cadeau-corporatif-foie-gras\/","name":"Caisse de 12 - Cr\u00e8me\/Mousse de Foie Gras de canard - (12 x140g) - Les Canardises","isPartOf":{"@id":"https:\/\/www.lescanardises.com\/en\/#website"},"primaryImageOfPage":{"@id":"https:\/\/www.lescanardises.com\/en\/produit\/coffret-cadeau-corporatif-foie-gras\/#primaryimage"},"image":{"@id":"https:\/\/www.lescanardises.com\/en\/produit\/coffret-cadeau-corporatif-foie-gras\/#primaryimage"},"thumbnailUrl":"https:\/\/www.lescanardises.com\/wp-content\/uploads\/2023\/11\/Today-will-be-a-good-day-1.png","datePublished":"2023-11-09T10:13:17+00:00","dateModified":"2025-11-08T17:43:35+00:00","description":"Promotion sp\u00e9ciale - D\u00e9couvrez notre coffret corporatif de 12 Mousse\/Cr\u00e8me de foie gras de canard (140g). \u00c9lev\u00e9 et cuisin\u00e9 artisanalement au Qu\u00e9bec.","breadcrumb":{"@id":"https:\/\/www.lescanardises.com\/en\/produit\/coffret-cadeau-corporatif-foie-gras\/#breadcrumb"},"inLanguage":"en-US","potentialAction":[{"@type":"ReadAction","target":["https:\/\/www.lescanardises.com\/en\/produit\/coffret-cadeau-corporatif-foie-gras\/"]}]},{"@type":"ImageObject","inLanguage":"en-US","@id":"https:\/\/www.lescanardises.com\/en\/produit\/coffret-cadeau-corporatif-foie-gras\/#primaryimage","url":"https:\/\/www.lescanardises.com\/wp-content\/uploads\/2023\/11\/Today-will-be-a-good-day-1.png","contentUrl":"https:\/\/www.lescanardises.com\/wp-content\/uploads\/2023\/11\/Today-will-be-a-good-day-1.png","width":500,"height":500,"caption":"Les canardises - Caisse de 12 - Rillettes de canard Classiques - (12x150g)"},{"@type":"BreadcrumbList","@id":"https:\/\/www.lescanardises.com\/en\/produit\/coffret-cadeau-corporatif-foie-gras\/#breadcrumb","itemListElement":[{"@type":"ListItem","position":1,"name":"Accueil","item":"https:\/\/www.lescanardises.com\/en\/"},{"@type":"ListItem","position":2,"name":"Online &#8211; Boutique","item":"https:\/\/www.lescanardises.com\/en\/online-boutique\/"},{"@type":"ListItem","position":3,"name":"Caisse de 12 &#8211; Cr\u00e8me\/Mousse de Foie Gras de canard &#8211; (12 x140g)"}]},{"@type":"WebSite","@id":"https:\/\/www.lescanardises.com\/en\/#website","url":"https:\/\/www.lescanardises.com\/en\/","name":"Les Canardises","description":"\u00c9levage en plein air et conserverie artisanale","publisher":{"@id":"https:\/\/www.lescanardises.com\/en\/#organization"},"potentialAction":[{"@type":"SearchAction","target":{"@type":"EntryPoint","urlTemplate":"https:\/\/www.lescanardises.com\/en\/?s={search_term_string}"},"query-input":{"@type":"PropertyValueSpecification","valueRequired":true,"valueName":"search_term_string"}}],"inLanguage":"en-US"},{"@type":"Organization","@id":"https:\/\/www.lescanardises.com\/en\/#organization","name":"Ferme Les Canardises","url":"https:\/\/www.lescanardises.com\/en\/","logo":{"@type":"ImageObject","inLanguage":"en-US","@id":"https:\/\/www.lescanardises.com\/en\/#\/schema\/logo\/image\/","url":"https:\/\/www.lescanardises.com\/wp-content\/uploads\/2021\/09\/LOGO-LES-CANARDISES.png","contentUrl":"https:\/\/www.lescanardises.com\/wp-content\/uploads\/2021\/09\/LOGO-LES-CANARDISES.png","width":500,"height":500,"caption":"Ferme Les Canardises"},"image":{"@id":"https:\/\/www.lescanardises.com\/en\/#\/schema\/logo\/image\/"},"sameAs":["https:\/\/fr-ca.facebook.com\/lescanardises\/","https:\/\/www.instagram.com\/lescanardises\/?hl=fr-ca"]}]}},"_links":{"self":[{"href":"https:\/\/www.lescanardises.com\/en\/wp-json\/wp\/v2\/product\/19150","targetHints":{"allow":["GET"]}}],"collection":[{"href":"https:\/\/www.lescanardises.com\/en\/wp-json\/wp\/v2\/product"}],"about":[{"href":"https:\/\/www.lescanardises.com\/en\/wp-json\/wp\/v2\/types\/product"}],"wp:featuredmedia":[{"embeddable":true,"href":"https:\/\/www.lescanardises.com\/en\/wp-json\/wp\/v2\/media\/12991"}],"wp:attachment":[{"href":"https:\/\/www.lescanardises.com\/en\/wp-json\/wp\/v2\/media?parent=19150"}],"wp:term":[{"taxonomy":"product_brand","embeddable":true,"href":"https:\/\/www.lescanardises.com\/en\/wp-json\/wp\/v2\/product_brand?post=19150"},{"taxonomy":"product_cat","embeddable":true,"href":"https:\/\/www.lescanardises.com\/en\/wp-json\/wp\/v2\/product_cat?post=19150"},{"taxonomy":"product_tag","embeddable":true,"href":"https:\/\/www.lescanardises.com\/en\/wp-json\/wp\/v2\/product_tag?post=19150"}],"curies":[{"name":"wp","href":"https:\/\/api.w.org\/{rel}","templated":true}]}}